{"id":2,"date":"2021-06-18T19:03:39","date_gmt":"2021-06-18T19:03:39","guid":{"rendered":"http:\/\/henrikhjelm.se\/wordpress\/?page_id=2"},"modified":"2022-04-24T11:56:42","modified_gmt":"2022-04-24T11:56:42","slug":"api","status":"publish","type":"page","link":"https:\/\/www.henrikhjelm.se\/wordpress\/api\/","title":{"rendered":"API:er"},"content":{"rendered":"\r\n<h1 style=\"text-align: center;\"><a href=\"https:\/\/www.henrikhjelm.se\/api\/\">L\u00e4nk till api info sidan<\/a><a href=\"https:\/\/www.henrikhjelm.se\/api\/\"><img loading=\"lazy\" decoding=\"async\" class=\"alignnone size-full wp-image-208 aligncenter\" src=\"https:\/\/www.henrikhjelm.se\/wordpress\/wp-content\/uploads\/2022\/04\/nedladdning-2022-04-22T223449.474.png\" alt=\"\" width=\"927\" height=\"535\" srcset=\"https:\/\/www.henrikhjelm.se\/wordpress\/wp-content\/uploads\/2022\/04\/nedladdning-2022-04-22T223449.474.png 927w, https:\/\/www.henrikhjelm.se\/wordpress\/wp-content\/uploads\/2022\/04\/nedladdning-2022-04-22T223449.474-300x173.png 300w, https:\/\/www.henrikhjelm.se\/wordpress\/wp-content\/uploads\/2022\/04\/nedladdning-2022-04-22T223449.474-768x443.png 768w\" sizes=\"auto, (max-width: 927px) 100vw, 927px\" \/><\/a><\/h1>\r\n<p style=\"text-align: center;\"><em>Snabb l\u00e4nkar<\/em><\/p>\r\n<p style=\"text-align: center;\"><a href=\"https:\/\/www.henrikhjelm.se\/api\/index2.php\">Bensin priser Api<\/a><\/p>\r\n<p style=\"text-align: center;\"><a href=\"https:\/\/henrikhjelm.se\/api\/sos\/\">SOS alarm Api<\/a><br \/><br \/><a href=\"https:\/\/www.henrikhjelm.se\/wordpress\/parkeringar-sundsvall-api\/\">Parkering sundsvall Api<\/a><\/p>\r\n<p style=\"text-align: center;\"><a href=\"https:\/\/henrikhjelm.se\/api\/xml\/index.php\">XML to json<\/a><\/p>\r\n<p style=\"text-align: center;\"><a href=\"https:\/\/henrikhjelm.se\/api\/twitch.php\">Twitch is user online ?\u00a0<\/a><br \/><br \/>Jag g\u00f6r api:er f\u00f6r jag har tr\u00e5kigt eller n\u00e4r jag inte kan sova.<br \/><br \/>tex, blev upp ringd av 112 (04:30) som ville att jag skulle kolla om en ung tjej levde utanf\u00f6r.<br \/>\u00e4r lika sjukt som det l\u00e5ter. s\u00e5 efter 5min av \u00f6vertyga mig att dom var 112.<br \/>Gick ut och kollade. och det l\u00e5g en v\u00e4ldigt berusad tjej d\u00e4r. som jag fick hj\u00e4lpa.\u00a0<br \/>och jag kunde inte sova efter det. s\u00e5 d\u00e5 skrev jag ett api som kollar hur m\u00e5nga samtal som s0s f\u00e5r in varje dag.\u00a0<br \/><a href=\"https:\/\/henrikhjelm.se\/api\/sos\/\">https:\/\/henrikhjelm.se\/api\/sos\/<\/a><br \/><br \/>Finns \u00e4ven mer api:er som jag hostar men inte skriver ut h\u00e4r.\u00a0<br \/><br \/>Vid support. <br \/>L\u00c4S TEXTERNA P\u00c5 SIDAN!<br \/>jag \u00e4r bara intresserad av buggar.\u00a0<br \/>s\u00e5 skicka inget mail ang om hur installerar jag ditt api ?\u00a0<br \/>mailto snabelA henrikhjelm.se<\/p>\r\n<p>&nbsp;<\/p>\r\n<p style=\"text-align: center;\"><a href=\"https:\/\/www.henrikhjelm.se\/wordpress\/kontakt\/\">? Mer info ?<\/a><\/p>\r\n","protected":false},"excerpt":{"rendered":"<p>L\u00e4nk till api info sidan Snabb l\u00e4nkar Bensin priser Api SOS alarm Api Parkering sundsvall Api XML to json Twitch is user online ?\u00a0 Jag g\u00f6r api:er f\u00f6r jag har tr\u00e5kigt eller n\u00e4r jag inte kan sova. tex, blev upp ringd av 112 (04:30) som ville att jag skulle kolla om en ung tjej levde [&hellip;]<\/p>\n","protected":false},"author":1,"featured_media":0,"parent":0,"menu_order":0,"comment_status":"closed","ping_status":"closed","template":"","meta":{"footnotes":""},"class_list":["post-2","page","type-page","status-publish","hentry"],"_links":{"self":[{"href":"https:\/\/www.henrikhjelm.se\/wordpress\/wp-json\/wp\/v2\/pages\/2","targetHints":{"allow":["GET"]}}],"collection":[{"href":"https:\/\/www.henrikhjelm.se\/wordpress\/wp-json\/wp\/v2\/pages"}],"about":[{"href":"https:\/\/www.henrikhjelm.se\/wordpress\/wp-json\/wp\/v2\/types\/page"}],"author":[{"embeddable":true,"href":"https:\/\/www.henrikhjelm.se\/wordpress\/wp-json\/wp\/v2\/users\/1"}],"replies":[{"embeddable":true,"href":"https:\/\/www.henrikhjelm.se\/wordpress\/wp-json\/wp\/v2\/comments?post=2"}],"version-history":[{"count":19,"href":"https:\/\/www.henrikhjelm.se\/wordpress\/wp-json\/wp\/v2\/pages\/2\/revisions"}],"predecessor-version":[{"id":211,"href":"https:\/\/www.henrikhjelm.se\/wordpress\/wp-json\/wp\/v2\/pages\/2\/revisions\/211"}],"wp:attachment":[{"href":"https:\/\/www.henrikhjelm.se\/wordpress\/wp-json\/wp\/v2\/media?parent=2"}],"curies":[{"name":"wp","href":"https:\/\/api.w.org\/{rel}","templated":true}]}}